{"id":140,"date":"2016-02-19T15:18:49","date_gmt":"2016-02-19T21:18:49","guid":{"rendered":"http:\/\/bridge4.qodeinteractive.com\/?page_id=140"},"modified":"2020-03-12T13:22:10","modified_gmt":"2020-03-12T19:22:10","slug":"servicios","status":"publish","type":"page","link":"https:\/\/hotelallende.com\/?page_id=140","title":{"rendered":"Servicios"},"content":{"rendered":"<section class=\"wpb-content-wrapper\"><p>[vc_row row_type=&#8221;parallax&#8221; parallax_content_width=&#8221;in_grid&#8221; text_align=&#8221;left&#8221; full_screen_section_height=&#8221;no&#8221;][vc_column][vc_separator type=&#8221;transparent&#8221; up=&#8221;80&#8243; down=&#8221;0&#8243;][vc_column_text]<\/p>\n<h1 style=\"text-align: center;\">Servicios<\/h1>\n<p>[\/vc_column_text][vc_separator type=&#8221;transparent&#8221; up=&#8221;80&#8243; down=&#8221;0&#8243;][vc_row_inner row_type=&#8221;row&#8221; type=&#8221;full_width&#8221; text_align=&#8221;left&#8221; css_animation=&#8221;&#8221;][vc_column_inner width=&#8221;1\/2&#8243; offset=&#8221;vc_col-lg-3 vc_col-md-3&#8243;][vc_column_text]<\/p>\n<h3>Internet Inal\u00e1mbrico<\/h3>\n<p>[\/vc_column_text][vc_separator type=&#8221;transparent&#8221; up=&#8221;17&#8243; down=&#8221;0&#8243;][vc_column_text]Accede desde tu tel\u00e9fono, computadora o tableta a Internet por Wifi en todas las \u00e1reas del hotel y en tu habitaci\u00f3n.[\/vc_column_text][vc_separator type=&#8221;transparent&#8221; up=&#8221;40&#8243; down=&#8221;0&#8243;][\/vc_column_inner][vc_column_inner width=&#8221;1\/2&#8243; offset=&#8221;vc_col-lg-3 vc_col-md-3&#8243;][vc_column_text]<\/p>\n<h3>Televisi\u00f3n<\/h3>\n<p>[\/vc_column_text][vc_separator type=&#8221;transparent&#8221; up=&#8221;17&#8243; down=&#8221;0&#8243;][vc_column_text]Disfruta de decenas de canales de televisi\u00f3n en la comodidad de tu habitaci\u00f3n, contamos con control remoto.[\/vc_column_text][vc_separator type=&#8221;transparent&#8221; up=&#8221;40&#8243; down=&#8221;0&#8243;][\/vc_column_inner][vc_column_inner width=&#8221;1\/2&#8243; offset=&#8221;vc_col-lg-3 vc_col-md-3&#8243;][vc_column_text]<\/p>\n<h3>Toallas<\/h3>\n<p>[\/vc_column_text][vc_separator type=&#8221;transparent&#8221; up=&#8221;17&#8243; down=&#8221;0&#8243;][vc_column_text]Las toallas ya est\u00e1n incluidas en tu estancia por lo que no necesitas dejar un dep\u00f3sito como en otros lugares.[\/vc_column_text][vc_separator type=&#8221;transparent&#8221; up=&#8221;40&#8243; down=&#8221;0&#8243;][\/vc_column_inner][vc_column_inner width=&#8221;1\/2&#8243; offset=&#8221;vc_col-lg-3 vc_col-md-3&#8243;][vc_column_text]<\/p>\n<h3>Agua Caliente<\/h3>\n<p>[\/vc_column_text][vc_separator type=&#8221;transparent&#8221; up=&#8221;17&#8243; down=&#8221;0&#8243;][vc_column_text]No te preocupes por el agua, contamos con agua caliente para que disfrutes de un relajante ba\u00f1o t\u00e9rmico.[\/vc_column_text][vc_separator type=&#8221;transparent&#8221; up=&#8221;60&#8243; down=&#8221;0&#8243;][\/vc_column_inner][\/vc_row_inner][vc_row_inner row_type=&#8221;row&#8221; type=&#8221;full_width&#8221; text_align=&#8221;left&#8221; css_animation=&#8221;&#8221;][vc_column_inner width=&#8221;1\/2&#8243; offset=&#8221;vc_col-lg-3 vc_col-md-3&#8243;][vc_column_text]<\/p>\n<h3>Ba\u00f1o Privado<\/h3>\n<p>[\/vc_column_text][vc_separator type=&#8221;transparent&#8221; up=&#8221;17&#8243; down=&#8221;0&#8243;][vc_column_text]Todas nuestras habitaciones cuentan con ba\u00f1o privado as\u00ed como con papel higi\u00e9nico y accesorios de ba\u00f1o.[\/vc_column_text][vc_separator type=&#8221;transparent&#8221; up=&#8221;40&#8243; down=&#8221;0&#8243;][\/vc_column_inner][vc_column_inner width=&#8221;1\/2&#8243; offset=&#8221;vc_col-lg-3 vc_col-md-3&#8243;][vc_column_text]<\/p>\n<h3>Armario<\/h3>\n<p>[\/vc_column_text][vc_separator type=&#8221;transparent&#8221; up=&#8221;17&#8243; down=&#8221;0&#8243;][vc_column_text]Si necesitas guardar tu ropa para liberar espacio en la maleta contamos con armarios en todas las habitaciones.[\/vc_column_text][vc_separator type=&#8221;transparent&#8221; up=&#8221;40&#8243; down=&#8221;0&#8243;][\/vc_column_inner][vc_column_inner width=&#8221;1\/2&#8243; offset=&#8221;vc_col-lg-3 vc_col-md-3&#8243;][vc_column_text]<\/p>\n<h3>Seguridad<\/h3>\n<p>[\/vc_column_text][vc_separator type=&#8221;transparent&#8221; up=&#8221;17&#8243; down=&#8221;0&#8243;][vc_column_text]Contamos con c\u00e1maras de seguridad en las \u00e1reas comunes as\u00ed como con personal que restringe la entrada al hotel.[\/vc_column_text][vc_separator type=&#8221;transparent&#8221; up=&#8221;40&#8243; down=&#8221;0&#8243;][\/vc_column_inner][vc_column_inner width=&#8221;1\/2&#8243; offset=&#8221;vc_col-lg-3 vc_col-md-3&#8243;][vc_column_text]<\/p>\n<h3>Limpieza Diario<\/h3>\n<p>[\/vc_column_text][vc_separator type=&#8221;transparent&#8221; up=&#8221;17&#8243; down=&#8221;0&#8243;][vc_column_text]Hacemos servicio todos los d\u00edas a las habitaciones sin costo extra para mantener limpia tu estancia en la habitaci\u00f3n.[\/vc_column_text][vc_separator type=&#8221;transparent&#8221; up=&#8221;40&#8243; down=&#8221;0&#8243;][\/vc_column_inner][\/vc_row_inner][vc_separator type=&#8221;transparent&#8221; thickness=&#8221;0&#8243; up=&#8221;151&#8243; down=&#8221;0&#8243;][\/vc_column][\/vc_row][vc_row css_animation=&#8221;&#8221; row_type=&#8221;row&#8221; use_row_as_full_screen_section=&#8221;no&#8221; type=&#8221;full_width&#8221; angled_section=&#8221;no&#8221; text_align=&#8221;left&#8221; background_image_as_pattern=&#8221;without_pattern&#8221;][vc_column][vc_gallery type=&#8221;image_grid&#8221; images=&#8221;444,441,440,438&#8243; img_size=&#8221;480&#215;480&#8243; column_number=&#8221;4&#8243; grayscale=&#8221;no&#8221; images_space=&#8221;gallery_without_space&#8221;][\/vc_column][\/vc_row]<\/p>\n<\/section>","protected":false},"excerpt":{"rendered":"<p>[vc_row row_type=&#8221;parallax&#8221; parallax_content_width=&#8221;in_grid&#8221; text_align=&#8221;left&#8221; full_screen_section_height=&#8221;no&#8221;][vc_column][vc_separator type=&#8221;transparent&#8221; up=&#8221;80&#8243; down=&#8221;0&#8243;][vc_column_text] Servicios [\/vc_column_text][vc_separator type=&#8221;transparent&#8221; up=&#8221;80&#8243; down=&#8221;0&#8243;][vc_row_inner row_type=&#8221;row&#8221; type=&#8221;full_width&#8221; text_align=&#8221;left&#8221; css_animation=&#8221;&#8221;][vc_column_inner width=&#8221;1\/2&#8243; offset=&#8221;vc_col-lg-3 vc_col-md-3&#8243;][vc_column_text] Internet Inal\u00e1mbrico [\/vc_column_text][vc_separator type=&#8221;transparent&#8221; up=&#8221;17&#8243; down=&#8221;0&#8243;][vc_column_text]Accede desde tu tel\u00e9fono, computadora o tableta a Internet por Wifi en todas las \u00e1reas del hotel y en tu&#8230;<\/p>\n","protected":false},"author":1,"featured_media":0,"parent":0,"menu_order":0,"comment_status":"closed","ping_status":"closed","template":"full_width.php","meta":{"footnotes":""},"class_list":["post-140","page","type-page","status-publish","hentry"],"_links":{"self":[{"href":"https:\/\/hotelallende.com\/index.php?rest_route=\/wp\/v2\/pages\/140","targetHints":{"allow":["GET"]}}],"collection":[{"href":"https:\/\/hotelallende.com\/index.php?rest_route=\/wp\/v2\/pages"}],"about":[{"href":"https:\/\/hotelallende.com\/index.php?rest_route=\/wp\/v2\/types\/page"}],"author":[{"embeddable":true,"href":"https:\/\/hotelallende.com\/index.php?rest_route=\/wp\/v2\/users\/1"}],"replies":[{"embeddable":true,"href":"https:\/\/hotelallende.com\/index.php?rest_route=%2Fwp%2Fv2%2Fcomments&post=140"}],"version-history":[{"count":0,"href":"https:\/\/hotelallende.com\/index.php?rest_route=\/wp\/v2\/pages\/140\/revisions"}],"wp:attachment":[{"href":"https:\/\/hotelallende.com\/index.php?rest_route=%2Fwp%2Fv2%2Fmedia&parent=140"}],"curies":[{"name":"wp","href":"https:\/\/api.w.org\/{rel}","templated":true}]}}