{"id":7,"date":"2016-02-10T13:11:11","date_gmt":"2016-02-10T19:11:11","guid":{"rendered":"http:\/\/bridge4.qodeinteractive.com\/?page_id=7"},"modified":"2020-03-12T13:01:34","modified_gmt":"2020-03-12T19:01:34","slug":"inicio","status":"publish","type":"page","link":"https:\/\/hotelallende.com\/","title":{"rendered":"\u00a1Bienvenido!"},"content":{"rendered":"<section class=\"wpb-content-wrapper\"><p>[vc_row css_animation=&#8221;&#8221; row_type=&#8221;row&#8221; use_row_as_full_screen_section=&#8221;no&#8221; type=&#8221;grid&#8221; angled_section=&#8221;no&#8221; text_align=&#8221;center&#8221; background_image_as_pattern=&#8221;without_pattern&#8221; padding_top=&#8221;141&#8243; css=&#8221;.vc_custom_1457094791175{padding-bottom: 162px !important;}&#8221;][vc_column offset=&#8221;vc_col-lg-offset-0 vc_col-lg-6 vc_col-md-offset-2 vc_col-md-8 vc_col-sm-offset-0&#8243;][vc_column_text]<\/p>\n<h2>SAN MIGUEL DE ALLENDE<\/h2>\n<p>[\/vc_column_text][vc_separator type=&#8221;small&#8221; position=&#8221;center&#8221;][vc_column_text]<\/p>\n<h4 style=\"text-align: center;\">Estamos a 2 minutos caminando del jard\u00edn principal y eso lo valoran nuestros hu\u00e9spedes. Todos los servicios se encuentran saliendo de nuestro acogedor hotel.<\/h4>\n<p>[\/vc_column_text][vc_separator type=&#8221;transparent&#8221; up=&#8221;21&#8243; down=&#8221;0&#8243;][vc_column_text]<\/p>\n<p style=\"text-align: center;\">Hay un delicioso restaurante de churros y chocolate frente a nosotros as\u00ed como una agencia de turismo donde puedes preguntar por los mejores tours de la ciudad. Estamos en medios de incre\u00edbles boutiques de ropa.<\/p>\n<p>[\/vc_column_text][vc_separator type=&#8221;transparent&#8221; up=&#8221;42&#8243; down=&#8221;0&#8243;]<a  itemprop=\"url\" href=\"https:\/\/g.page\/hotel-allende-guanajuato?share\" target=\"_self\"  class=\"qbutton  enlarge\" style=\"\">VER UBICACI\u00d3N<\/a>[vc_separator type=&#8221;transparent&#8221; up=&#8221;50&#8243; down=&#8221;0&#8243;][\/vc_column][vc_column offset=&#8221;vc_col-lg-offset-0 vc_col-lg-3 vc_col-md-offset-2 vc_col-md-4 vc_col-sm-offset-0&#8243;][vc_separator type=&#8221;transparent&#8221; up=&#8221;7&#8243; down=&#8221;0&#8243;][vc_single_image image=&#8221;461&#8243; img_size=&#8221;full&#8221; alignment=&#8221;center&#8221; qode_css_animation=&#8221;&#8221;][vc_separator type=&#8221;transparent&#8221; up=&#8221;50&#8243; down=&#8221;0&#8243;][\/vc_column][vc_column offset=&#8221;vc_col-lg-offset-0 vc_col-lg-3 vc_col-md-offset-0 vc_col-md-4 vc_col-sm-offset-0&#8243;][vc_separator type=&#8221;transparent&#8221; up=&#8221;7&#8243; down=&#8221;0&#8243;][vc_single_image image=&#8221;462&#8243; img_size=&#8221;full&#8221; alignment=&#8221;center&#8221; qode_css_animation=&#8221;&#8221;][vc_separator type=&#8221;transparent&#8221; up=&#8221;50&#8243; down=&#8221;0&#8243;][\/vc_column][\/vc_row][vc_row row_type=&#8221;parallax&#8221; parallax_content_width=&#8221;in_grid&#8221; text_align=&#8221;left&#8221; full_screen_section_height=&#8221;no&#8221; background_image=&#8221;455&#8243;][vc_column offset=&#8221;vc_col-lg-offset-0 vc_col-sm-offset-0&#8243;][vc_separator type=&#8221;transparent&#8221; up=&#8221;93&#8243; down=&#8221;0&#8243;][vc_row_inner row_type=&#8221;row&#8221; type=&#8221;full_width&#8221; text_align=&#8221;left&#8221; css_animation=&#8221;&#8221;][vc_column_inner offset=&#8221;vc_col-lg-offset-0 vc_col-lg-6 vc_col-md-6&#8243;][vc_single_image image=&#8221;440&#8243; img_size=&#8221;full&#8221; alignment=&#8221;center&#8221; qode_css_animation=&#8221;&#8221;][vc_separator type=&#8221;transparent&#8221; up=&#8221;20&#8243; down=&#8221;0&#8243;][\/vc_column_inner][vc_column_inner offset=&#8221;vc_col-lg-offset-0 vc_col-lg-6 vc_col-md-6&#8243;][vc_separator type=&#8221;transparent&#8221; up=&#8221;48&#8243; down=&#8221;0&#8243;][vc_column_text]<\/p>\n<h2><span style=\"color: #ffffff;\">15 HABITACIONES<\/span><\/h2>\n<p>[\/vc_column_text][vc_separator type=&#8221;small&#8221; position=&#8221;left&#8221; color=&#8221;#ffffff&#8221;][vc_column_text]<\/p>\n<h4><span style=\"color: #ffffff;\">Pensadas para viajeros que buscan un lugar c\u00f3modo, seguro y bien ubicado sin pagar los exagerados precios que manejan los hoteles.<\/span><\/h4>\n<p>[\/vc_column_text][vc_separator type=&#8221;transparent&#8221; up=&#8221;36&#8243; down=&#8221;0&#8243;][vc_column_text]<span style=\"color: #ffffff;\">Tenemos m\u00e1s de 20 a\u00f1os en la ciudad y la gente regresa a hospedarse con nosotros gracias a la ubicaci\u00f3n, la limpieza y el buen trato que les damos a nuestros hu\u00e9spedes. Contamos con Internet inal\u00e1mbrico gratuito.<\/span>[\/vc_column_text][vc_separator type=&#8221;transparent&#8221; up=&#8221;40&#8243; down=&#8221;0&#8243;]<a  itemprop=\"url\" href=\"https:\/\/hotelallende.com\/galeria\/\" target=\"_self\" data-hover-border-color='#303030'  class=\"qbutton  default\" style=\"border-color: #ffffff; \">VER HABITACIONES<\/a>[vc_separator type=&#8221;transparent&#8221; up=&#8221;20&#8243; down=&#8221;0&#8243;][\/vc_column_inner][\/vc_row_inner][vc_separator type=&#8221;transparent&#8221; up=&#8221;73&#8243; down=&#8221;0&#8243;][\/vc_column][\/vc_row][vc_row css_animation=&#8221;&#8221; row_type=&#8221;row&#8221; use_row_as_full_screen_section=&#8221;no&#8221; type=&#8221;grid&#8221; angled_section=&#8221;no&#8221; text_align=&#8221;center&#8221; background_image_as_pattern=&#8221;without_pattern&#8221; padding_top=&#8221;140&#8243; padding_bottom=&#8221;50&#8243;][vc_column offset=&#8221;vc_col-lg-offset-3 vc_col-lg-6 vc_col-md-offset-2 vc_col-md-8&#8243;][vc_column_text]<\/p>\n<h2>RESE\u00d1AS DE HU\u00c9SPEDES<\/h2>\n<p>[\/vc_column_text][vc_separator type=&#8221;small&#8221; position=&#8221;center&#8221;][vc_column_text]<\/p>\n<h4>Los comentarios que nos han dejado en Google destacan los siguientes puntos: Ambiente, Propiedad, Limpieza y Ubicaci\u00f3n-<\/h4>\n<p>[\/vc_column_text][\/vc_column][\/vc_row][vc_row css_animation=&#8221;&#8221; row_type=&#8221;row&#8221; use_row_as_full_screen_section=&#8221;no&#8221; type=&#8221;grid&#8221; angled_section=&#8221;no&#8221; text_align=&#8221;center&#8221; background_image_as_pattern=&#8221;without_pattern&#8221; padding_bottom=&#8221;115&#8243;][vc_column width=&#8221;1\/2&#8243;][vc_single_image image=&#8221;469&#8243; img_size=&#8221;full&#8221; qode_css_animation=&#8221;&#8221;][\/vc_column][vc_column width=&#8221;1\/2&#8243;][vc_single_image image=&#8221;467&#8243; img_size=&#8221;full&#8221; qode_css_animation=&#8221;&#8221;][\/vc_column][\/vc_row][vc_row css_animation=&#8221;&#8221; row_type=&#8221;row&#8221; use_row_as_full_screen_section=&#8221;no&#8221; type=&#8221;full_width&#8221; angled_section=&#8221;no&#8221; text_align=&#8221;left&#8221; background_image_as_pattern=&#8221;without_pattern&#8221;][vc_column][vc_gallery type=&#8221;image_grid&#8221; images=&#8221;444,441,440,438&#8243; img_size=&#8221;480&#215;480&#8243; column_number=&#8221;4&#8243; grayscale=&#8221;no&#8221; images_space=&#8221;gallery_without_space&#8221;][\/vc_column][\/vc_row]<\/p>\n<\/section>","protected":false},"excerpt":{"rendered":"<p>[vc_row css_animation=&#8221;&#8221; row_type=&#8221;row&#8221; use_row_as_full_screen_section=&#8221;no&#8221; type=&#8221;grid&#8221; angled_section=&#8221;no&#8221; text_align=&#8221;center&#8221; background_image_as_pattern=&#8221;without_pattern&#8221; padding_top=&#8221;141&#8243; css=&#8221;.vc_custom_1457094791175{padding-bottom: 162px !important;}&#8221;][vc_column offset=&#8221;vc_col-lg-offset-0 vc_col-lg-6 vc_col-md-offset-2 vc_col-md-8 vc_col-sm-offset-0&#8243;][vc_column_text] SAN MIGUEL DE ALLENDE [\/vc_column_text][vc_separator type=&#8221;small&#8221; position=&#8221;center&#8221;][vc_column_text] Estamos a 2 minutos caminando del jard\u00edn principal y eso lo valoran nuestros hu\u00e9spedes. Todos los servicios se encuentran saliendo de&#8230;<\/p>\n","protected":false},"author":1,"featured_media":0,"parent":0,"menu_order":0,"comment_status":"closed","ping_status":"closed","template":"full_width.php","meta":{"footnotes":""},"class_list":["post-7","page","type-page","status-publish","hentry"],"_links":{"self":[{"href":"https:\/\/hotelallende.com\/index.php?rest_route=\/wp\/v2\/pages\/7","targetHints":{"allow":["GET"]}}],"collection":[{"href":"https:\/\/hotelallende.com\/index.php?rest_route=\/wp\/v2\/pages"}],"about":[{"href":"https:\/\/hotelallende.com\/index.php?rest_route=\/wp\/v2\/types\/page"}],"author":[{"embeddable":true,"href":"https:\/\/hotelallende.com\/index.php?rest_route=\/wp\/v2\/users\/1"}],"replies":[{"embeddable":true,"href":"https:\/\/hotelallende.com\/index.php?rest_route=%2Fwp%2Fv2%2Fcomments&post=7"}],"version-history":[{"count":0,"href":"https:\/\/hotelallende.com\/index.php?rest_route=\/wp\/v2\/pages\/7\/revisions"}],"wp:attachment":[{"href":"https:\/\/hotelallende.com\/index.php?rest_route=%2Fwp%2Fv2%2Fmedia&parent=7"}],"curies":[{"name":"wp","href":"https:\/\/api.w.org\/{rel}","templated":true}]}}